{"id":1100,"date":"2025-12-26T18:27:27","date_gmt":"2025-12-26T18:27:27","guid":{"rendered":"https:\/\/fyrverkeri365.se\/?post_type=product&#038;p=1100"},"modified":"2025-12-29T20:21:49","modified_gmt":"2025-12-29T20:21:49","slug":"bengal-bla","status":"publish","type":"product","link":"https:\/\/fyrverkeri365.se\/?product=bengal-bla","title":{"rendered":"Bengal Bl\u00e5"},"content":{"rendered":"<p>&#8211; Bl\u00e5 R\u00f6k<\/p>\n","protected":false},"excerpt":{"rendered":"<p>Bl\u00e5 R\u00f6k<\/p>\n","protected":false},"featured_media":1125,"template":"","meta":[],"product_brand":[],"product_cat":[24],"product_tag":[],"class_list":{"0":"post-1100","1":"product","2":"type-product","3":"status-publish","4":"has-post-thumbnail","6":"product_cat-bengaler","8":"first","9":"instock","10":"sale","11":"taxable","12":"shipping-taxable","13":"purchasable","14":"product-type-simple"},"_links":{"self":[{"href":"https:\/\/fyrverkeri365.se\/index.php?rest_route=\/wp\/v2\/product\/1100","targetHints":{"allow":["GET"]}}],"collection":[{"href":"https:\/\/fyrverkeri365.se\/index.php?rest_route=\/wp\/v2\/product"}],"about":[{"href":"https:\/\/fyrverkeri365.se\/index.php?rest_route=\/wp\/v2\/types\/product"}],"version-history":[{"count":1,"href":"https:\/\/fyrverkeri365.se\/index.php?rest_route=\/wp\/v2\/product\/1100\/revisions"}],"predecessor-version":[{"id":1101,"href":"https:\/\/fyrverkeri365.se\/index.php?rest_route=\/wp\/v2\/product\/1100\/revisions\/1101"}],"wp:featuredmedia":[{"embeddable":true,"href":"https:\/\/fyrverkeri365.se\/index.php?rest_route=\/wp\/v2\/media\/1125"}],"wp:attachment":[{"href":"https:\/\/fyrverkeri365.se\/index.php?rest_route=%2Fwp%2Fv2%2Fmedia&parent=1100"}],"wp:term":[{"taxonomy":"product_brand","embeddable":true,"href":"https:\/\/fyrverkeri365.se\/index.php?rest_route=%2Fwp%2Fv2%2Fproduct_brand&post=1100"},{"taxonomy":"product_cat","embeddable":true,"href":"https:\/\/fyrverkeri365.se\/index.php?rest_route=%2Fwp%2Fv2%2Fproduct_cat&post=1100"},{"taxonomy":"product_tag","embeddable":true,"href":"https:\/\/fyrverkeri365.se\/index.php?rest_route=%2Fwp%2Fv2%2Fproduct_tag&post=1100"}],"curies":[{"name":"wp","href":"https:\/\/api.w.org\/{rel}","templated":true}]}}