{"id":1104,"date":"2025-12-26T18:29:49","date_gmt":"2025-12-26T18:29:49","guid":{"rendered":"https:\/\/fyrverkeri365.se\/?post_type=product&#038;p=1104"},"modified":"2025-12-29T20:18:41","modified_gmt":"2025-12-29T20:18:41","slug":"bengal-gron","status":"publish","type":"product","link":"https:\/\/fyrverkeri365.se\/?product=bengal-gron","title":{"rendered":"Bengal Gr\u00f6n"},"content":{"rendered":"<p>&#8211; Gr\u00f6n r\u00f6k<\/p>\n","protected":false},"excerpt":{"rendered":"<p>Gr\u00f6n r\u00f6k<\/p>\n","protected":false},"featured_media":1123,"template":"","meta":[],"product_brand":[],"product_cat":[24],"product_tag":[],"class_list":{"0":"post-1104","1":"product","2":"type-product","3":"status-publish","4":"has-post-thumbnail","6":"product_cat-bengaler","8":"first","9":"instock","10":"sale","11":"taxable","12":"shipping-taxable","13":"purchasable","14":"product-type-simple"},"_links":{"self":[{"href":"https:\/\/fyrverkeri365.se\/index.php?rest_route=\/wp\/v2\/product\/1104","targetHints":{"allow":["GET"]}}],"collection":[{"href":"https:\/\/fyrverkeri365.se\/index.php?rest_route=\/wp\/v2\/product"}],"about":[{"href":"https:\/\/fyrverkeri365.se\/index.php?rest_route=\/wp\/v2\/types\/product"}],"version-history":[{"count":1,"href":"https:\/\/fyrverkeri365.se\/index.php?rest_route=\/wp\/v2\/product\/1104\/revisions"}],"predecessor-version":[{"id":1105,"href":"https:\/\/fyrverkeri365.se\/index.php?rest_route=\/wp\/v2\/product\/1104\/revisions\/1105"}],"wp:featuredmedia":[{"embeddable":true,"href":"https:\/\/fyrverkeri365.se\/index.php?rest_route=\/wp\/v2\/media\/1123"}],"wp:attachment":[{"href":"https:\/\/fyrverkeri365.se\/index.php?rest_route=%2Fwp%2Fv2%2Fmedia&parent=1104"}],"wp:term":[{"taxonomy":"product_brand","embeddable":true,"href":"https:\/\/fyrverkeri365.se\/index.php?rest_route=%2Fwp%2Fv2%2Fproduct_brand&post=1104"},{"taxonomy":"product_cat","embeddable":true,"href":"https:\/\/fyrverkeri365.se\/index.php?rest_route=%2Fwp%2Fv2%2Fproduct_cat&post=1104"},{"taxonomy":"product_tag","embeddable":true,"href":"https:\/\/fyrverkeri365.se\/index.php?rest_route=%2Fwp%2Fv2%2Fproduct_tag&post=1104"}],"curies":[{"name":"wp","href":"https:\/\/api.w.org\/{rel}","templated":true}]}}