{"id":1113,"date":"2025-12-26T18:33:26","date_gmt":"2025-12-26T18:33:26","guid":{"rendered":"https:\/\/fyrverkeri365.se\/?post_type=product&#038;p=1113"},"modified":"2025-12-29T20:12:25","modified_gmt":"2025-12-29T20:12:25","slug":"bengal-rod","status":"publish","type":"product","link":"https:\/\/fyrverkeri365.se\/?product=bengal-rod","title":{"rendered":"Bengal R\u00f6d"},"content":{"rendered":"<p>&#8211; R\u00f6d r\u00f6k<\/p>\n","protected":false},"excerpt":{"rendered":"<p>R\u00f6d r\u00f6k<\/p>\n","protected":false},"featured_media":1119,"template":"","meta":[],"product_brand":[],"product_cat":[24],"product_tag":[],"class_list":{"0":"post-1113","1":"product","2":"type-product","3":"status-publish","4":"has-post-thumbnail","6":"product_cat-bengaler","8":"first","9":"instock","10":"sale","11":"taxable","12":"shipping-taxable","13":"purchasable","14":"product-type-simple"},"_links":{"self":[{"href":"https:\/\/fyrverkeri365.se\/index.php?rest_route=\/wp\/v2\/product\/1113","targetHints":{"allow":["GET"]}}],"collection":[{"href":"https:\/\/fyrverkeri365.se\/index.php?rest_route=\/wp\/v2\/product"}],"about":[{"href":"https:\/\/fyrverkeri365.se\/index.php?rest_route=\/wp\/v2\/types\/product"}],"version-history":[{"count":1,"href":"https:\/\/fyrverkeri365.se\/index.php?rest_route=\/wp\/v2\/product\/1113\/revisions"}],"predecessor-version":[{"id":1114,"href":"https:\/\/fyrverkeri365.se\/index.php?rest_route=\/wp\/v2\/product\/1113\/revisions\/1114"}],"wp:featuredmedia":[{"embeddable":true,"href":"https:\/\/fyrverkeri365.se\/index.php?rest_route=\/wp\/v2\/media\/1119"}],"wp:attachment":[{"href":"https:\/\/fyrverkeri365.se\/index.php?rest_route=%2Fwp%2Fv2%2Fmedia&parent=1113"}],"wp:term":[{"taxonomy":"product_brand","embeddable":true,"href":"https:\/\/fyrverkeri365.se\/index.php?rest_route=%2Fwp%2Fv2%2Fproduct_brand&post=1113"},{"taxonomy":"product_cat","embeddable":true,"href":"https:\/\/fyrverkeri365.se\/index.php?rest_route=%2Fwp%2Fv2%2Fproduct_cat&post=1113"},{"taxonomy":"product_tag","embeddable":true,"href":"https:\/\/fyrverkeri365.se\/index.php?rest_route=%2Fwp%2Fv2%2Fproduct_tag&post=1113"}],"curies":[{"name":"wp","href":"https:\/\/api.w.org\/{rel}","templated":true}]}}